{"id":116,"date":"2020-11-05T10:36:44","date_gmt":"2020-11-05T09:36:44","guid":{"rendered":"https:\/\/www.christellehide.com\/?page_id=116"},"modified":"2021-06-08T10:45:43","modified_gmt":"2021-06-08T08:45:43","slug":"mon-parcours","status":"publish","type":"page","link":"https:\/\/www.christellehide.com\/index.php\/mon-parcours\/","title":{"rendered":"Mon Parcours"},"content":{"rendered":"<section class=\"av_textblock_section \"  itemscope=\"itemscope\" itemtype=\"https:\/\/schema.org\/CreativeWork\" ><div class='avia_textblock  '   itemprop=\"text\" ><p><strong>MON EXP\u00c9RIENCE PROFESSIONNELLE<\/strong><\/p>\n<p><strong>Depuis 2017<\/strong>\u00a0<strong>:<\/strong><\/p>\n<ul>\n<li>Coach &amp; Th\u00e9rapeute aupr\u00e8s des particuliers<\/li>\n<li>Dirigeante du cabinet DU SENS de coaching et formation en entreprise (organisme de formation certifi\u00e9 qualit\u00e9 Datadock)<\/li>\n<\/ul>\n<p><strong>2017-2019 :<\/strong> Conseiller Prud&rsquo;homal au Tribunal de Martigues<\/p>\n<p><strong>2006 &#8211; 2016 :<\/strong> Diff\u00e9rents postes de DRH, Directrice G\u00e9n\u00e9rale, Consultante en conduite du changement dans plusieurs entreprises<\/p>\n<p><strong>MES FORMATIONS<\/strong><\/p>\n<p><strong>2021<\/strong> : Coach accr\u00e9dit\u00e9e \u00ab\u00a0Membre Praticien\u00a0\u00bb de la SFCoach\u00ae, l&rsquo;organisation professionnelle de coachs la plus ancienne en France<\/p>\n<p><strong>2020-2021 : <\/strong>Praticien Narratif \u00e0 la Fabrique Narrative, fond\u00e9e par Pierre Blanc-Sahnoun, seul fran\u00e7ais enseignant au Dulwich Center (berceau des pratiques narratives en Australie).<\/p>\n<p class=\"p1\"><strong>2010 \u00e0 Aujourd&rsquo;hui<\/strong> <strong>:<\/strong><\/p>\n<ul>\n<li class=\"p1\">Recherche-Action sur la motivation. Rencontre avec Michel Meester (disciple de Michel Crozier) et travail collaboratif jusqu&rsquo;en 2012.<\/li>\n<li class=\"p1\">Apprentissage puis enseignement de l&rsquo;approche Communication Nonviolente \u00e0 partir des travaux de Carl Rogers (fondateur de la relation d&rsquo;aide et de l&rsquo;approche centr\u00e9e sur la personne) et de Marshall Rosenberg (fondateur de l&rsquo;approche CNV).<\/li>\n<\/ul>\n<p><strong>2019 :<\/strong> N\u00e9gociation \u00e0 l&rsquo;ESSEC Business School<\/p>\n<p><strong>2017-2019 :<\/strong> Ecole Nationale de la Magistrature de Bordeaux<\/p>\n<p><strong>2018 :<\/strong> P\u00e9dagogie adulte \u00e0 la CEGOS<\/p>\n<p><strong>2005<\/strong> <strong>:<\/strong> Sciences politiques \u00e0 l&rsquo;Institut d&rsquo;Etudes Politiques d&rsquo;Aix-en-Provence<\/p>\n<p><strong>2004 :<\/strong> Master Recherche en sciences sociales \u00e0 la facult\u00e9 de droit d&rsquo;Aix-en-Provence<\/p>\n<\/div><\/section>\n","protected":false},"excerpt":{"rendered":"","protected":false},"author":1,"featured_media":0,"parent":0,"menu_order":0,"comment_status":"closed","ping_status":"closed","template":"","meta":[],"yoast_head":"<!-- This site is optimized with the Yoast SEO plugin v17.1 - https:\/\/yoast.com\/wordpress\/plugins\/seo\/ -->\n<title>Mon Parcours - Christelle Hide<\/title>\n<meta name=\"robots\" content=\"noindex, follow, max-snippet:-1, max-image-preview:large, max-video-preview:-1\" \/>\n<meta property=\"og:locale\" content=\"fr_FR\" \/>\n<meta property=\"og:type\" content=\"article\" \/>\n<meta property=\"og:title\" content=\"Mon Parcours - Christelle Hide\" \/>\n<meta property=\"og:url\" content=\"https:\/\/www.christellehide.com\/index.php\/mon-parcours\/\" \/>\n<meta property=\"og:site_name\" content=\"Christelle Hide\" \/>\n<meta property=\"article:modified_time\" content=\"2021-06-08T08:45:43+00:00\" \/>\n<meta name=\"twitter:card\" content=\"summary_large_image\" \/>\n<meta name=\"twitter:label1\" content=\"Dur\u00e9e de lecture est.\" \/>\n\t<meta name=\"twitter:data1\" content=\"1 minute\" \/>\n<script type=\"application\/ld+json\" class=\"yoast-schema-graph\">{\"@context\":\"https:\/\/schema.org\",\"@graph\":[{\"@type\":\"WebSite\",\"@id\":\"https:\/\/www.christellehide.com\/#website\",\"url\":\"https:\/\/www.christellehide.com\/\",\"name\":\"Christelle Hide\",\"description\":\"Relation d&#039;aide - Accompagnement\",\"potentialAction\":[{\"@type\":\"SearchAction\",\"target\":{\"@type\":\"EntryPoint\",\"urlTemplate\":\"https:\/\/www.christellehide.com\/?s={search_term_string}\"},\"query-input\":\"required name=search_term_string\"}],\"inLanguage\":\"fr-FR\"},{\"@type\":\"WebPage\",\"@id\":\"https:\/\/www.christellehide.com\/index.php\/mon-parcours\/#webpage\",\"url\":\"https:\/\/www.christellehide.com\/index.php\/mon-parcours\/\",\"name\":\"Mon Parcours - Christelle Hide\",\"isPartOf\":{\"@id\":\"https:\/\/www.christellehide.com\/#website\"},\"datePublished\":\"2020-11-05T09:36:44+00:00\",\"dateModified\":\"2021-06-08T08:45:43+00:00\",\"breadcrumb\":{\"@id\":\"https:\/\/www.christellehide.com\/index.php\/mon-parcours\/#breadcrumb\"},\"inLanguage\":\"fr-FR\",\"potentialAction\":[{\"@type\":\"ReadAction\",\"target\":[\"https:\/\/www.christellehide.com\/index.php\/mon-parcours\/\"]}]},{\"@type\":\"BreadcrumbList\",\"@id\":\"https:\/\/www.christellehide.com\/index.php\/mon-parcours\/#breadcrumb\",\"itemListElement\":[{\"@type\":\"ListItem\",\"position\":1,\"name\":\"Accueil\",\"item\":\"https:\/\/www.christellehide.com\/index.php\/christelle-hide\/\"},{\"@type\":\"ListItem\",\"position\":2,\"name\":\"Mon Parcours\"}]}]}<\/script>\n<!-- \/ Yoast SEO plugin. -->","yoast_head_json":{"title":"Mon Parcours - Christelle Hide","robots":{"index":"noindex","follow":"follow","max-snippet":"max-snippet:-1","max-image-preview":"max-image-preview:large","max-video-preview":"max-video-preview:-1"},"og_locale":"fr_FR","og_type":"article","og_title":"Mon Parcours - Christelle Hide","og_url":"https:\/\/www.christellehide.com\/index.php\/mon-parcours\/","og_site_name":"Christelle Hide","article_modified_time":"2021-06-08T08:45:43+00:00","twitter_card":"summary_large_image","twitter_misc":{"Dur\u00e9e de lecture est.":"1 minute"},"schema":{"@context":"https:\/\/schema.org","@graph":[{"@type":"WebSite","@id":"https:\/\/www.christellehide.com\/#website","url":"https:\/\/www.christellehide.com\/","name":"Christelle Hide","description":"Relation d&#039;aide - Accompagnement","potentialAction":[{"@type":"SearchAction","target":{"@type":"EntryPoint","urlTemplate":"https:\/\/www.christellehide.com\/?s={search_term_string}"},"query-input":"required name=search_term_string"}],"inLanguage":"fr-FR"},{"@type":"WebPage","@id":"https:\/\/www.christellehide.com\/index.php\/mon-parcours\/#webpage","url":"https:\/\/www.christellehide.com\/index.php\/mon-parcours\/","name":"Mon Parcours - Christelle Hide","isPartOf":{"@id":"https:\/\/www.christellehide.com\/#website"},"datePublished":"2020-11-05T09:36:44+00:00","dateModified":"2021-06-08T08:45:43+00:00","breadcrumb":{"@id":"https:\/\/www.christellehide.com\/index.php\/mon-parcours\/#breadcrumb"},"inLanguage":"fr-FR","potentialAction":[{"@type":"ReadAction","target":["https:\/\/www.christellehide.com\/index.php\/mon-parcours\/"]}]},{"@type":"BreadcrumbList","@id":"https:\/\/www.christellehide.com\/index.php\/mon-parcours\/#breadcrumb","itemListElement":[{"@type":"ListItem","position":1,"name":"Accueil","item":"https:\/\/www.christellehide.com\/index.php\/christelle-hide\/"},{"@type":"ListItem","position":2,"name":"Mon Parcours"}]}]}},"_links":{"self":[{"href":"https:\/\/www.christellehide.com\/index.php\/wp-json\/wp\/v2\/pages\/116"}],"collection":[{"href":"https:\/\/www.christellehide.com\/index.php\/wp-json\/wp\/v2\/pages"}],"about":[{"href":"https:\/\/www.christellehide.com\/index.php\/wp-json\/wp\/v2\/types\/page"}],"author":[{"embeddable":true,"href":"https:\/\/www.christellehide.com\/index.php\/wp-json\/wp\/v2\/users\/1"}],"replies":[{"embeddable":true,"href":"https:\/\/www.christellehide.com\/index.php\/wp-json\/wp\/v2\/comments?post=116"}],"version-history":[{"count":3,"href":"https:\/\/www.christellehide.com\/index.php\/wp-json\/wp\/v2\/pages\/116\/revisions"}],"predecessor-version":[{"id":306,"href":"https:\/\/www.christellehide.com\/index.php\/wp-json\/wp\/v2\/pages\/116\/revisions\/306"}],"wp:attachment":[{"href":"https:\/\/www.christellehide.com\/index.php\/wp-json\/wp\/v2\/media?parent=116"}],"curies":[{"name":"wp","href":"https:\/\/api.w.org\/{rel}","templated":true}]}}