{"id":68,"date":"2020-02-17T21:29:31","date_gmt":"2020-02-17T20:29:31","guid":{"rendered":"https:\/\/www.christellehide.com\/?page_id=68"},"modified":"2021-03-09T21:44:50","modified_gmt":"2021-03-09T20:44:50","slug":"cnv","status":"publish","type":"page","link":"https:\/\/www.christellehide.com\/index.php\/cnv\/","title":{"rendered":"CNV"},"content":{"rendered":"<section class=\"av_textblock_section \"  itemscope=\"itemscope\" itemtype=\"https:\/\/schema.org\/CreativeWork\" ><div class='avia_textblock  '   itemprop=\"text\" ><p>Mise au point dans les ann\u00e9es 60 par Marshall B. Rosenberg, psychologue clinicien, disciple de Carl Rogers (fondateur de l&rsquo;Approche Centr\u00e9e sur la Personne), la Communication Nonviolente (CNV) est\u00a0mondialement reconnue dans de nombreux domaines dont le coaching et la th\u00e9rapie.<\/p>\n<p>Fond\u00e9e sur la <strong>prise de conscience de ce qui entrave ou facilite notre communication avec les autres<\/strong> par un travail sur la mani\u00e8re d&rsquo;observer, de percevoir et de s&rsquo;exprimer,\u00a0elle permet de :<\/p>\n<ul>\n<li>G\u00e9rer et Bien vivre ses <strong>\u00e9motions <\/strong>pour en faire des opportunit\u00e9s cr\u00e9atrices<\/li>\n<li>D\u00e9velopper sa connaissance et sa <strong>confiance en soi<\/strong><\/li>\n<li>D\u00e9velopper des <strong>relations de qualit\u00e9<\/strong> y compris dans des contextes difficiles, en d\u00e9samor\u00e7ant les \u00e9ventuelles tensions<\/li>\n<\/ul>\n<\/div><\/section>\n","protected":false},"excerpt":{"rendered":"","protected":false},"author":1,"featured_media":0,"parent":0,"menu_order":0,"comment_status":"closed","ping_status":"closed","template":"","meta":[],"yoast_head":"<!-- This site is optimized with the Yoast SEO plugin v17.1 - https:\/\/yoast.com\/wordpress\/plugins\/seo\/ -->\n<title>CNV - Christelle Hide<\/title>\n<meta name=\"robots\" content=\"noindex, follow, max-snippet:-1, max-image-preview:large, max-video-preview:-1\" \/>\n<meta property=\"og:locale\" content=\"fr_FR\" \/>\n<meta property=\"og:type\" content=\"article\" \/>\n<meta property=\"og:title\" content=\"CNV - Christelle Hide\" \/>\n<meta property=\"og:url\" content=\"https:\/\/www.christellehide.com\/index.php\/cnv\/\" \/>\n<meta property=\"og:site_name\" content=\"Christelle Hide\" \/>\n<meta property=\"article:modified_time\" content=\"2021-03-09T20:44:50+00:00\" \/>\n<meta name=\"twitter:card\" content=\"summary_large_image\" \/>\n<meta name=\"twitter:label1\" content=\"Dur\u00e9e de lecture est.\" \/>\n\t<meta name=\"twitter:data1\" content=\"1 minute\" \/>\n<script type=\"application\/ld+json\" class=\"yoast-schema-graph\">{\"@context\":\"https:\/\/schema.org\",\"@graph\":[{\"@type\":\"WebSite\",\"@id\":\"https:\/\/www.christellehide.com\/#website\",\"url\":\"https:\/\/www.christellehide.com\/\",\"name\":\"Christelle Hide\",\"description\":\"Relation d&#039;aide - Accompagnement\",\"potentialAction\":[{\"@type\":\"SearchAction\",\"target\":{\"@type\":\"EntryPoint\",\"urlTemplate\":\"https:\/\/www.christellehide.com\/?s={search_term_string}\"},\"query-input\":\"required name=search_term_string\"}],\"inLanguage\":\"fr-FR\"},{\"@type\":\"WebPage\",\"@id\":\"https:\/\/www.christellehide.com\/index.php\/cnv\/#webpage\",\"url\":\"https:\/\/www.christellehide.com\/index.php\/cnv\/\",\"name\":\"CNV - Christelle Hide\",\"isPartOf\":{\"@id\":\"https:\/\/www.christellehide.com\/#website\"},\"datePublished\":\"2020-02-17T20:29:31+00:00\",\"dateModified\":\"2021-03-09T20:44:50+00:00\",\"breadcrumb\":{\"@id\":\"https:\/\/www.christellehide.com\/index.php\/cnv\/#breadcrumb\"},\"inLanguage\":\"fr-FR\",\"potentialAction\":[{\"@type\":\"ReadAction\",\"target\":[\"https:\/\/www.christellehide.com\/index.php\/cnv\/\"]}]},{\"@type\":\"BreadcrumbList\",\"@id\":\"https:\/\/www.christellehide.com\/index.php\/cnv\/#breadcrumb\",\"itemListElement\":[{\"@type\":\"ListItem\",\"position\":1,\"name\":\"Accueil\",\"item\":\"https:\/\/www.christellehide.com\/index.php\/christelle-hide\/\"},{\"@type\":\"ListItem\",\"position\":2,\"name\":\"CNV\"}]}]}<\/script>\n<!-- \/ Yoast SEO plugin. -->","yoast_head_json":{"title":"CNV - Christelle Hide","robots":{"index":"noindex","follow":"follow","max-snippet":"max-snippet:-1","max-image-preview":"max-image-preview:large","max-video-preview":"max-video-preview:-1"},"og_locale":"fr_FR","og_type":"article","og_title":"CNV - Christelle Hide","og_url":"https:\/\/www.christellehide.com\/index.php\/cnv\/","og_site_name":"Christelle Hide","article_modified_time":"2021-03-09T20:44:50+00:00","twitter_card":"summary_large_image","twitter_misc":{"Dur\u00e9e de lecture est.":"1 minute"},"schema":{"@context":"https:\/\/schema.org","@graph":[{"@type":"WebSite","@id":"https:\/\/www.christellehide.com\/#website","url":"https:\/\/www.christellehide.com\/","name":"Christelle Hide","description":"Relation d&#039;aide - Accompagnement","potentialAction":[{"@type":"SearchAction","target":{"@type":"EntryPoint","urlTemplate":"https:\/\/www.christellehide.com\/?s={search_term_string}"},"query-input":"required name=search_term_string"}],"inLanguage":"fr-FR"},{"@type":"WebPage","@id":"https:\/\/www.christellehide.com\/index.php\/cnv\/#webpage","url":"https:\/\/www.christellehide.com\/index.php\/cnv\/","name":"CNV - Christelle Hide","isPartOf":{"@id":"https:\/\/www.christellehide.com\/#website"},"datePublished":"2020-02-17T20:29:31+00:00","dateModified":"2021-03-09T20:44:50+00:00","breadcrumb":{"@id":"https:\/\/www.christellehide.com\/index.php\/cnv\/#breadcrumb"},"inLanguage":"fr-FR","potentialAction":[{"@type":"ReadAction","target":["https:\/\/www.christellehide.com\/index.php\/cnv\/"]}]},{"@type":"BreadcrumbList","@id":"https:\/\/www.christellehide.com\/index.php\/cnv\/#breadcrumb","itemListElement":[{"@type":"ListItem","position":1,"name":"Accueil","item":"https:\/\/www.christellehide.com\/index.php\/christelle-hide\/"},{"@type":"ListItem","position":2,"name":"CNV"}]}]}},"_links":{"self":[{"href":"https:\/\/www.christellehide.com\/index.php\/wp-json\/wp\/v2\/pages\/68"}],"collection":[{"href":"https:\/\/www.christellehide.com\/index.php\/wp-json\/wp\/v2\/pages"}],"about":[{"href":"https:\/\/www.christellehide.com\/index.php\/wp-json\/wp\/v2\/types\/page"}],"author":[{"embeddable":true,"href":"https:\/\/www.christellehide.com\/index.php\/wp-json\/wp\/v2\/users\/1"}],"replies":[{"embeddable":true,"href":"https:\/\/www.christellehide.com\/index.php\/wp-json\/wp\/v2\/comments?post=68"}],"version-history":[{"count":0,"href":"https:\/\/www.christellehide.com\/index.php\/wp-json\/wp\/v2\/pages\/68\/revisions"}],"wp:attachment":[{"href":"https:\/\/www.christellehide.com\/index.php\/wp-json\/wp\/v2\/media?parent=68"}],"curies":[{"name":"wp","href":"https:\/\/api.w.org\/{rel}","templated":true}]}}